{"id":9,"date":"2024-04-03T19:42:51","date_gmt":"2024-04-03T17:42:51","guid":{"rendered":"https:\/\/lions.olsztyn.pl\/?page_id=9"},"modified":"2026-03-17T23:11:42","modified_gmt":"2026-03-17T22:11:42","slug":"o-klubie","status":"publish","type":"page","link":"https:\/\/lions.olsztyn.pl\/index.php\/o-klubie\/","title":{"rendered":"Klub"},"content":{"rendered":"\n<p><strong>Lions Club Olsztyn<\/strong>&nbsp;zaingurowa\u0142 swoj\u0105 dzia\u0142alno\u015b\u0107 w 1992 r. Od samego pocz\u0105tku za cel dzia\u0142ania przyj\u0105\u0142&nbsp;<strong>pomoc dzieciom<\/strong>, kt\u00f3ra i ukierunkowana jest dwutorowo: z jednej strony &#8211; pomoc dzieciom niepe\u0142nosprawnym, z drugiej \u2013 sierotom spo\u0142ecznym z dom\u00f3w dziecka. Wi\u0119ksza cz\u0119\u015b\u0107 \u015brodk\u00f3w (oko\u0142o 60%) przeznaczana jest na pomoc najm\u0142odszym, pokrzywdzonym fizycznie przez los.<\/p>\n\n\n\n<figure class=\"wp-block-embed is-type-video is-provider-youtube wp-block-embed-youtube wp-embed-aspect-16-9 wp-has-aspect-ratio\"><div class=\"wp-block-embed__wrapper\">\n<iframe loading=\"lazy\" title=\"30-LECIE LIONS CLUB OLSZTYN\" width=\"640\" height=\"360\" src=\"https:\/\/www.youtube.com\/embed\/PE_7n7LdBYs?feature=oembed\" frameborder=\"0\" allow=\"accelerometer; autoplay; clipboard-write; encrypted-media; gyroscope; picture-in-picture; web-share\" referrerpolicy=\"strict-origin-when-cross-origin\" allowfullscreen><\/iframe>\n<\/div><\/figure>\n\n\n\n<h3 class=\"wp-block-heading\"><strong>Zarz\u0105d LC Olsztyn kadencji 2025\/2026<\/strong><\/h3>\n\n\n\n<figure class=\"wp-block-table\"><table><tbody><tr><td><img decoding=\"async\" src=\"https:\/\/olsztyn.lions.org.pl\/images\/czlonkowie\/foto.jpg\" alt=\"\"><\/td><td><img decoding=\"async\" src=\"https:\/\/olsztyn.lions.org.pl\/images\/czlonkowie\/foto.jpg\" alt=\"\"><\/td><td><img decoding=\"async\" src=\"https:\/\/olsztyn.lions.org.pl\/images\/czlonkowie\/foto.jpg\" alt=\"\"><\/td><td><img decoding=\"async\" src=\"https:\/\/olsztyn.lions.org.pl\/images\/czlonkowie\/foto.jpg\" alt=\"\"><\/td><td><img decoding=\"async\" src=\"https:\/\/olsztyn.lions.org.pl\/images\/czlonkowie\/foto.jpg\" alt=\"\"><\/td><\/tr><tr><td><strong>Danuta Klema\u0144ska<br>Prezydent<\/strong><\/td><td><strong>Grzegorz Karpa<br>I Wiceprezydent<\/strong><\/td><td><strong>Jerzy Gawrysiak<br>Past Prezydent<\/strong><\/td><td><strong>Jolanta \u017barkiewicz<br>Sekretarz<\/strong><\/td><td><strong>Grzegorz Or\u0142owski<br>Skarbnik<\/strong><\/td><\/tr><\/tbody><\/table><\/figure>\n\n\n\n<h3 class=\"wp-block-heading\"><strong>Cz\u0142onkowie<\/strong><\/h3>\n\n\n\n<ul class=\"wp-block-list\">\n<li>Babuchowski Andrzej<\/li>\n\n\n\n<li>Borzuchowski Robert<\/li>\n\n\n\n<li>D\u0119bski Marek<\/li>\n\n\n\n<li>Gawrysiak Jerzy<\/li>\n\n\n\n<li>Gr\u0119dzi\u0144ska-Alancewicz Barbara <\/li>\n\n\n\n<li>Jarmo\u0142owicz Marek<\/li>\n\n\n\n<li>Karpa Grzegorz<\/li>\n\n\n\n<li>Klema\u0144ska Danuta<\/li>\n\n\n\n<li>Krajewski Stanis\u0142aw <\/li>\n\n\n\n<li>Lella Tomasz <\/li>\n\n\n\n<li>Or\u0142owski Grzegorz <\/li>\n\n\n\n<li>Ryszkowski Zdzis\u0142aw <\/li>\n\n\n\n<li>Seroka Tomasz <\/li>\n\n\n\n<li>Sz\u00f3stek Andrzej <\/li>\n\n\n\n<li>Wasi\u0144ski Ryszard <\/li>\n\n\n\n<li>Wierzbowski Dariusz<\/li>\n\n\n\n<li>Witkowski Jerzy <\/li>\n\n\n\n<li>Witkowski Miros\u0142aw<\/li>\n\n\n\n<li>Zabielski Jacek <\/li>\n\n\n\n<li>Zakrzewski Andrzej <\/li>\n\n\n\n<li>Za\u0142o\u017cy\u0144ski Pawe\u0142 <\/li>\n\n\n\n<li>\u017barkiewicz Jerzy <\/li>\n\n\n\n<li>\u017barkiewicz Jolanta <\/li>\n<\/ul>\n\n\n\n<h2 class=\"wp-block-heading\">Statut i regulaminy<\/h2>\n\n\n\n<ol class=\"wp-block-list\">\n<li><a href=\"https:\/\/olsztyn.lions.org.pl\/images\/statut\/STATUT_LC_OLSZTYN.pdf\">Statut Stowarzyszenia&nbsp;Lions Club Olsztyn<\/a><\/li>\n\n\n\n<li>&nbsp;<\/li>\n<\/ol>\n\n\n\n<p><strong><a href=\"https:\/\/olsztyn.lions.org.pl\/images\/dzialalnosc\/historia\/historia00.jpg\"><\/a><a href=\"https:\/\/olsztyn.lions.org.pl\/images\/dzialalnosc\/historia\/historia0.jpg\"><\/a><\/strong><\/p>\n","protected":false},"excerpt":{"rendered":"<p>Lions Club Olsztyn&nbsp;zaingurowa\u0142 swoj\u0105 dzia\u0142alno\u015b\u0107 w 1992 r. Od samego pocz\u0105tku za cel dzia\u0142ania przyj\u0105\u0142&nbsp;pomoc dzieciom, kt\u00f3ra i ukierunkowana jest dwutorowo: z jednej strony &#8211; pomoc dzieciom niepe\u0142nosprawnym, z drugiej \u2013 sierotom spo\u0142ecznym z dom\u00f3w dziecka. Wi\u0119ksza cz\u0119\u015b\u0107 \u015brodk\u00f3w (oko\u0142o 60%) przeznaczana jest na pomoc najm\u0142odszym, pokrzywdzonym fizycznie przez los. Zarz\u0105d LC Olsztyn kadencji 2025\/2026 [&hellip;]<\/p>\n","protected":false},"author":1,"featured_media":0,"parent":0,"menu_order":0,"comment_status":"closed","ping_status":"closed","template":"","meta":{"footnotes":""},"class_list":["post-9","page","type-page","status-publish","hentry"],"_links":{"self":[{"href":"https:\/\/lions.olsztyn.pl\/index.php\/wp-json\/wp\/v2\/pages\/9","targetHints":{"allow":["GET"]}}],"collection":[{"href":"https:\/\/lions.olsztyn.pl\/index.php\/wp-json\/wp\/v2\/pages"}],"about":[{"href":"https:\/\/lions.olsztyn.pl\/index.php\/wp-json\/wp\/v2\/types\/page"}],"author":[{"embeddable":true,"href":"https:\/\/lions.olsztyn.pl\/index.php\/wp-json\/wp\/v2\/users\/1"}],"replies":[{"embeddable":true,"href":"https:\/\/lions.olsztyn.pl\/index.php\/wp-json\/wp\/v2\/comments?post=9"}],"version-history":[{"count":16,"href":"https:\/\/lions.olsztyn.pl\/index.php\/wp-json\/wp\/v2\/pages\/9\/revisions"}],"predecessor-version":[{"id":350,"href":"https:\/\/lions.olsztyn.pl\/index.php\/wp-json\/wp\/v2\/pages\/9\/revisions\/350"}],"wp:attachment":[{"href":"https:\/\/lions.olsztyn.pl\/index.php\/wp-json\/wp\/v2\/media?parent=9"}],"curies":[{"name":"wp","href":"https:\/\/api.w.org\/{rel}","templated":true}]}}