{"id":89,"date":"2024-04-04T15:44:56","date_gmt":"2024-04-04T13:44:56","guid":{"rendered":"https:\/\/lions.olsztyn.pl\/?page_id=89"},"modified":"2026-03-17T23:37:46","modified_gmt":"2026-03-17T22:37:46","slug":"historia","status":"publish","type":"page","link":"https:\/\/lions.olsztyn.pl\/index.php\/historia\/","title":{"rendered":"Historia"},"content":{"rendered":"\n<h2 class=\"wp-block-heading\">Historia LIONS CLUB OLSZTYN <\/h2>\n\n\n\n<p><strong><a href=\"https:\/\/olsztyn.lions.org.pl\/images\/dzialalnosc\/historia\/historia00.jpg\"><\/a><a href=\"https:\/\/olsztyn.lions.org.pl\/images\/dzialalnosc\/historia\/historia0.jpg\"><\/a>Lions Club Olsztyn<\/strong>&nbsp;zaingurowa\u0142 swoj\u0105 dzia\u0142alno\u015b\u0107 w 1992 r. Od samego pocz\u0105tku za cel dzia\u0142ania przyj\u0105\u0142&nbsp;<strong>pomoc dzieciom<\/strong>, kt\u00f3ra i ukierunkowana jest dwutorowo: z jednej strony \u2013 pomoc dzieciom niepe\u0142nosprawnym, z drugiej \u2013 sierotom spo\u0142ecznym z dom\u00f3w dziecka. Wi\u0119ksza cz\u0119\u015b\u0107 \u015brodk\u00f3w (oko\u0142o 60%) przeznaczana jest na pomoc najm\u0142odszym, pokrzywdzonym fizycznie przez los.<\/p>\n\n\n\n<figure class=\"wp-block-video\"><video controls src=\"https:\/\/lions.olsztyn.pl\/filmy\/1-Misja_LIONS_Club_25kl.mp4\"><\/video><figcaption class=\"wp-element-caption\">MISJA LIONS CLUB<\/figcaption><\/figure>\n\n\n\n<p>W morzu niezliczonych potrzeb Lioni \u2013 lekarze zwr\u00f3cili uwag\u0119 na jak\u017ce wa\u017cny aspekt rehabilitacji dzieci \u2013 zar\u00f3wno pourazowej, jak i tej z gruntu tragicznej, bo zwi\u0105zanej z nieuleczalnymi wadami wrodzonymi. Swoje zainteresowanie skierowali na koncepcj\u0119 budowy pawilonu rehabilitacyjnego przy Szpitalu Dzieci\u0119cym w Olsztynie, a gdy obiekt ju\u017c powsta\u0142 i wymaga\u0142 wyposa\u017cenia w kosztowny sprz\u0119t, Lioni tak\u017ce zg\u0142osili swoj\u0105 gotowo\u015b\u0107.<\/p>\n\n\n\n<figure class=\"wp-block-video\"><video controls src=\"https:\/\/lions.olsztyn.pl\/filmy\/2-Tradycja_historia_25kl.mp4\"><\/video><figcaption class=\"wp-element-caption\">TRADYCJA i HISTORIA<\/figcaption><\/figure>\n\n\n\n<p><a href=\"https:\/\/olsztyn.lions.org.pl\/images\/dzialalnosc\/historia\/historia1.JPG\"><\/a><a href=\"https:\/\/olsztyn.lions.org.pl\/images\/dzialalnosc\/historia\/historia2.JPG\"><\/a>Doskonale zdajemy sobie spraw\u0119, \u017ce nie s\u0105 w stanie zaspokoi\u0107 wszystkich potrzeb, dlatego swoj\u0105 systematyczn\u0105 pomoc skierowali do trzech konkretnych plac\u00f3wek, z kt\u00f3rymi wsp\u00f3\u0142pracuj\u0105 efektywnie od pocz\u0105tku istnienia Klubu. Nie pozostaj\u0105 jednak oboj\u0119tni w sytuacjach, gdy kto\u015b dramatycznie potrzebuje wsparcia.<\/p>\n\n\n\n<figure class=\"wp-block-video\"><video controls src=\"https:\/\/lions.olsztyn.pl\/filmy\/3-Wspolczesnosc_25kl.mp4\"><\/video><figcaption class=\"wp-element-caption\">WSP\u00d3\u0141CZESNO\u015a\u0106<\/figcaption><\/figure>\n\n\n\n<p>Lions Club Olsztyn pomaga\u0142 te\u017c&nbsp;<strong>Domowi Dziennego Pobytu ARKA<\/strong>&nbsp;\u2013 stowarzyszeniu przyko\u015bcielnemu, przygarniaj\u0105cemu dzieci z patologicznych i rozbitych rodzin. To wsparcie wyra\u017cone jest wsp\u00f3\u0142finansowaniem wyposa\u017cenia pomieszcze\u0144 i do\u017cywiania podopiecznych.<\/p>\n\n\n\n<p><a href=\"https:\/\/olsztyn.lions.org.pl\/images\/dzialalnosc\/historia\/historia3.jpg\"><\/a><a href=\"https:\/\/olsztyn.lions.org.pl\/images\/dzialalnosc\/historia\/historia4.jpg\"><\/a>Od kilku lat wspieramy uzdolnione dzieci i m\u0142odzie\u017c funduj\u0105c im stypendia pomocne w ich rozwoju i zapewnieniu potrzeb bytowych.<\/p>\n\n\n\n<p>Pawilon rehabilitacyjny, \u017c\u0142obek i przedszkole dla dzieci niepe\u0142nosprawnych, domy dziecka, szko\u0142a, Arka \u2013 czy to du\u017co czy ma\u0142o? W skali makro \u2013 kropla w oceanie potrzeb, w skali mikro \u2013 pomoc bezcenna!<\/p>\n\n\n\n<figure class=\"wp-block-video\"><video controls src=\"https:\/\/lions.olsztyn.pl\/filmy\/4-Ludzie_i_przyszlosc_25kl.mp4\"><\/video><figcaption class=\"wp-element-caption\">LUDZIE I PRZYSZ\u0141O\u015a\u0106<\/figcaption><\/figure>\n\n\n\n<p><a href=\"https:\/\/olsztyn.lions.org.pl\/images\/dzialalnosc\/historia\/historia4a.jpg\"><\/a><a href=\"https:\/\/olsztyn.lions.org.pl\/images\/dzialalnosc\/historia\/historia5.jpg\"><\/a>Dla realizacji swoich cel\u00f3w staramy si\u0119 pozyskiwa\u0107 sponsor\u00f3w. Robimy to w spos\u00f3b, kt\u00f3ry naszym zdaniem jest korzystny dla obu stron \u2013 ofiarodawcy i naszych podopiecznych. Co roku organizujemy zasadnicze dwie du\u017ce imprezy:&nbsp; w styczniu bal Lions Clubu (z loteri\u0105 i licytacj\u0105 atrakcyjnego przedmiotu) i w maju uroczysty koncert (z licytacj\u0105 pami\u0105tki ofiarowanej przez wykonawc\u0119), na kt\u00f3rych sponsorzy mog\u0105 zaistnie\u0107 poprzez szerok\u0105 reklam\u0119.<\/p>\n\n\n\n<p><a href=\"https:\/\/olsztyn.lions.org.pl\/images\/dzialalnosc\/historia\/historia7.jpg\"><\/a><a href=\"https:\/\/olsztyn.lions.org.pl\/images\/dzialalnosc\/historia\/historia8.jpg\"><\/a>W 2002 r., z okazji dziesi\u0119ciolecia istnienia Klubu wydali\u015bmy pami\u0105tkow\u0105 monografi\u0119.<\/p>\n\n\n\n<p>LC Olsztyn by\u0142 dwukrotnie organizatorem Konwencji Krajowych Okr\u0119gu 121-Polska:<\/p>\n\n\n\n<p>\u00b7&nbsp;&nbsp;&nbsp;&nbsp;&nbsp;&nbsp; w 1995 r. w Olsztynie,<\/p>\n\n\n\n<p>\u00b7&nbsp;&nbsp;&nbsp;&nbsp;&nbsp;&nbsp; w 2008 r. w Rynie<\/p>\n\n\n\n<p>Na obu konwencjach Gubernatorem Okr\u0119gu 121 Polska wybrany zosta\u0142 prof. dr Wies\u0142aw Makarewicz.<\/p>\n\n\n\n<p><strong>Lions Club Olsztyn<\/strong>&nbsp;zaingurowa\u0142 swoj\u0105 dzia\u0142alno\u015b\u0107 w 1992 r. Od samego pocz\u0105tku za cel dzia\u0142ania przyj\u0105\u0142&nbsp;<strong>pomoc dzieciom<\/strong>, kt\u00f3ra i ukierunkowana jest dwutorowo: z jednej strony &#8211; pomoc dzieciom niepe\u0142nosprawnym, z drugiej \u2013 sierotom spo\u0142ecznym z dom\u00f3w dziecka. Wi\u0119ksza cz\u0119\u015b\u0107 \u015brodk\u00f3w (oko\u0142o 60%) przeznaczana jest na pomoc najm\u0142odszym, pokrzywdzonym fizycznie przez los.<\/p>\n\n\n\n<figure class=\"wp-block-gallery has-nested-images columns-default is-cropped wp-block-gallery-1 is-layout-flex wp-block-gallery-is-layout-flex\">\n<figure class=\"wp-block-image size-large\"><img loading=\"lazy\" decoding=\"async\" width=\"1024\" height=\"681\" data-id=\"96\" src=\"https:\/\/lions.olsztyn.pl\/wp-content\/uploads\/2024\/04\/historia00-1024x681.jpg\" alt=\"\" class=\"wp-image-96\" srcset=\"https:\/\/lions.olsztyn.pl\/wp-content\/uploads\/2024\/04\/historia00-1024x681.jpg 1024w, https:\/\/lions.olsztyn.pl\/wp-content\/uploads\/2024\/04\/historia00-300x199.jpg 300w, https:\/\/lions.olsztyn.pl\/wp-content\/uploads\/2024\/04\/historia00-768x511.jpg 768w, https:\/\/lions.olsztyn.pl\/wp-content\/uploads\/2024\/04\/historia00.jpg 1182w\" sizes=\"auto, (max-width: 1024px) 100vw, 1024px\" \/><\/figure>\n\n\n\n<figure class=\"wp-block-image size-large\"><img loading=\"lazy\" decoding=\"async\" width=\"1024\" height=\"698\" data-id=\"97\" src=\"https:\/\/lions.olsztyn.pl\/wp-content\/uploads\/2024\/04\/historia0-1024x698.jpg\" alt=\"\" class=\"wp-image-97\" srcset=\"https:\/\/lions.olsztyn.pl\/wp-content\/uploads\/2024\/04\/historia0-1024x698.jpg 1024w, https:\/\/lions.olsztyn.pl\/wp-content\/uploads\/2024\/04\/historia0-300x205.jpg 300w, https:\/\/lions.olsztyn.pl\/wp-content\/uploads\/2024\/04\/historia0-768x524.jpg 768w, https:\/\/lions.olsztyn.pl\/wp-content\/uploads\/2024\/04\/historia0.jpg 1167w\" sizes=\"auto, (max-width: 1024px) 100vw, 1024px\" \/><\/figure>\n<\/figure>\n\n\n\n<p>LISTA NAJWA\u017bNIEJSZYCH WYDARZE\u0143 Z \u017bYCIA KLUBU<\/p>\n\n\n\n<h3 class=\"wp-block-heading\"><strong>1992 &#8211; Za\u0142o\u017cenie Stowarzyszenia Lions Club Olsztyn<\/strong><\/h3>\n\n\n\n<h4 class=\"wp-block-heading\"><strong>1993<\/strong> &#8211; <\/h4>\n\n\n\n<h4 class=\"wp-block-heading\"><strong>1994 <\/strong>&#8211; <\/h4>\n\n\n\n<h3 class=\"wp-block-heading\"><strong>1995 &#8211; Konwencji Krajowa Okr\u0119gu 121 Polska w Olsztynie <\/strong><\/h3>\n\n\n\n<p>1996 &#8211;<\/p>\n\n\n\n<p>1997 &#8211;<\/p>\n\n\n\n<p>1998 &#8211;<\/p>\n\n\n\n<p>1999 &#8211;<\/p>\n\n\n\n<p>2000 &#8211;<\/p>\n\n\n\n<p>2001 &#8211;<\/p>\n\n\n\n<p>2002- <\/p>\n\n\n\n<p>2003- <\/p>\n\n\n\n<h4 class=\"wp-block-heading\"><strong>2004- Uzyskanie statutu Organizacji Po\u017cytku Publicznego<\/strong><\/h4>\n\n\n\n<p>2005 &#8211;<\/p>\n\n\n\n<p>2006 &#8211;<\/p>\n\n\n\n<p>2007-<\/p>\n\n\n\n<h4 class=\"wp-block-heading\"><strong>2008 &#8211; Zorganizowanie Konwencji Krajowej Okr\u0119gu 121 Polska w Rynie<\/strong><\/h4>\n\n\n\n<p>2009 &#8211;<\/p>\n\n\n\n<p>2010 &#8211; <\/p>\n\n\n\n<h4 class=\"wp-block-heading\"><strong>2011 &#8211; Happening &#8211; Baba z Olsztyna &#8230; <\/strong><\/h4>\n\n\n\n<p>2012 &#8211; <\/p>\n\n\n\n<p>2013 &#8211;<\/p>\n\n\n\n<p>2014- <\/p>\n\n\n\n<h4 class=\"wp-block-heading\"><strong>2015<\/strong> &#8211; <\/h4>\n\n\n\n<p>2016 &#8211; <\/p>\n\n\n\n<p>2017 &#8211;<\/p>\n\n\n\n<p>2018 &#8211;<\/p>\n\n\n\n<p>2019 &#8211; <\/p>\n\n\n\n<p>2020 &#8211;<\/p>\n\n\n\n<h4 class=\"wp-block-heading\"><strong>2021<\/strong>&#8211; <\/h4>\n\n\n\n<p>2022 &#8211; <\/p>\n\n\n\n<p>2023 &#8211; <\/p>\n\n\n\n<p>2024 &#8211; <\/p>\n","protected":false},"excerpt":{"rendered":"<p>Historia LIONS CLUB OLSZTYN Lions Club Olsztyn&nbsp;zaingurowa\u0142 swoj\u0105 dzia\u0142alno\u015b\u0107 w 1992 r. Od samego pocz\u0105tku za cel dzia\u0142ania przyj\u0105\u0142&nbsp;pomoc dzieciom, kt\u00f3ra i ukierunkowana jest dwutorowo: z jednej strony \u2013 pomoc dzieciom niepe\u0142nosprawnym, z drugiej \u2013 sierotom spo\u0142ecznym z dom\u00f3w dziecka. Wi\u0119ksza cz\u0119\u015b\u0107 \u015brodk\u00f3w (oko\u0142o 60%) przeznaczana jest na pomoc najm\u0142odszym, pokrzywdzonym fizycznie przez los. W [&hellip;]<\/p>\n","protected":false},"author":1,"featured_media":0,"parent":0,"menu_order":0,"comment_status":"closed","ping_status":"closed","template":"","meta":{"footnotes":""},"class_list":["post-89","page","type-page","status-publish","hentry"],"_links":{"self":[{"href":"https:\/\/lions.olsztyn.pl\/index.php\/wp-json\/wp\/v2\/pages\/89","targetHints":{"allow":["GET"]}}],"collection":[{"href":"https:\/\/lions.olsztyn.pl\/index.php\/wp-json\/wp\/v2\/pages"}],"about":[{"href":"https:\/\/lions.olsztyn.pl\/index.php\/wp-json\/wp\/v2\/types\/page"}],"author":[{"embeddable":true,"href":"https:\/\/lions.olsztyn.pl\/index.php\/wp-json\/wp\/v2\/users\/1"}],"replies":[{"embeddable":true,"href":"https:\/\/lions.olsztyn.pl\/index.php\/wp-json\/wp\/v2\/comments?post=89"}],"version-history":[{"count":19,"href":"https:\/\/lions.olsztyn.pl\/index.php\/wp-json\/wp\/v2\/pages\/89\/revisions"}],"predecessor-version":[{"id":363,"href":"https:\/\/lions.olsztyn.pl\/index.php\/wp-json\/wp\/v2\/pages\/89\/revisions\/363"}],"wp:attachment":[{"href":"https:\/\/lions.olsztyn.pl\/index.php\/wp-json\/wp\/v2\/media?parent=89"}],"curies":[{"name":"wp","href":"https:\/\/api.w.org\/{rel}","templated":true}]}}