{"id":15,"date":"2024-04-03T19:45:12","date_gmt":"2024-04-03T17:45:12","guid":{"rendered":"https:\/\/lions.olsztyn.pl\/?page_id=15"},"modified":"2026-03-17T23:09:07","modified_gmt":"2026-03-17T22:09:07","slug":"dzialalnosc-klubu","status":"publish","type":"page","link":"https:\/\/lions.olsztyn.pl\/index.php\/dzialalnosc-klubu\/","title":{"rendered":"Dzia\u0142alno\u015b\u0107"},"content":{"rendered":"\n<h2 class=\"wp-block-heading\"><a href=\"https:\/\/olsztyn.lions.org.pl\/dzialalnosc\/programy-stale\">Programy sta\u0142e<\/a><\/h2>\n\n\n\n<ul class=\"wp-block-list\">\n<li>wsp\u00f3\u0142praca z Domem Dziecka w Gry\u017alinach<\/li>\n\n\n\n<li>do\u017cywianie dzieci w szkole w Purdzie,<\/li>\n\n\n\n<li>finansowanie funduszu stypendialnego Stowarzyszenia Przyjaci\u00f3\u0142 Gimnazjum w Purdzie,<\/li>\n\n\n\n<li>organizacja letniego wypoczynku podopiecznych Domu Dziecka KEJA,<\/li>\n\n\n\n<li>stypendia dla uczni\u00f3w III LO w Olsztynie,<\/li>\n\n\n\n<li>stypendia dla uczni\u00f3w Liceum Plastycznego w Olsztynie,<\/li>\n\n\n\n<li>stypendia dla uczni\u00f3w Pa\u0144stwowej Szko\u0142y Muzycznej w Olsztynie,<\/li>\n\n\n\n<li>pomoc materialna dla \u017c\u0142obka i przedszkola dla dzieci niepe\u0142nosprawnych w Olsztynie,<\/li>\n\n\n\n<li>pomoc materialna dla Domu Dziennego Pobytu ARKA w Olsztynie,<\/li>\n\n\n\n<li>pomoc materialna dla dom\u00f3w dziecka<\/li>\n<\/ul>\n\n\n\n<h2 class=\"wp-block-heading\"><a href=\"https:\/\/olsztyn.lions.org.pl\/dzialalnosc\/inne-projekty\">Darowizny pieni\u0119\u017cne na wsp\u00f3lne akcje i projekty lioneskie w kraju i na \u015bwiecie<\/a><\/h2>\n\n\n\n<figure class=\"wp-block-table\"><table><tbody><tr><td><a href=\"https:\/\/olsztyn.lions.org.pl\/images\/LCIF_Tent_Village_in_Turkey.jpg\"><\/a><br>Darowizna na ofiar trz\u0119sienia ziemi w Turcji (2023)<\/td><td><a href=\"https:\/\/olsztyn.lions.org.pl\/images\/darowizny\/2013_BAJKA.jpg\"><\/a><br>BAJKA &#8211; wydanie ksi\u0105\u017cki z opowie\u015bci\u0105 dla dzieci (III&#8217;2013)<\/td><td colspan=\"2\"><a href=\"https:\/\/olsztyn.lions.org.pl\/images\/darowizny\/2011_01_LaskiII_w_Gdansku_Sobieszewie1.jpg\"><\/a><a href=\"https:\/\/olsztyn.lions.org.pl\/images\/darowizny\/2011_01_LaskiII_w_Gdansku_Sobieszewie2.jpg\"><\/a><br>Wyposa\u017cenie O\u015brodka Wczesnej Interwencji w Gda\u0144sku-Sobieszewie (I&#8217;2011)<\/td><\/tr><\/tbody><\/table><\/figure>\n\n\n\n<p><\/p>\n","protected":false},"excerpt":{"rendered":"<p>Programy sta\u0142e Darowizny pieni\u0119\u017cne na wsp\u00f3lne akcje i projekty lioneskie w kraju i na \u015bwiecie Darowizna na ofiar trz\u0119sienia ziemi w Turcji (2023) BAJKA &#8211; wydanie ksi\u0105\u017cki z opowie\u015bci\u0105 dla dzieci (III&#8217;2013) Wyposa\u017cenie O\u015brodka Wczesnej Interwencji w Gda\u0144sku-Sobieszewie (I&#8217;2011)<\/p>\n","protected":false},"author":1,"featured_media":0,"parent":0,"menu_order":0,"comment_status":"closed","ping_status":"closed","template":"","meta":{"footnotes":""},"class_list":["post-15","page","type-page","status-publish","hentry"],"_links":{"self":[{"href":"https:\/\/lions.olsztyn.pl\/index.php\/wp-json\/wp\/v2\/pages\/15","targetHints":{"allow":["GET"]}}],"collection":[{"href":"https:\/\/lions.olsztyn.pl\/index.php\/wp-json\/wp\/v2\/pages"}],"about":[{"href":"https:\/\/lions.olsztyn.pl\/index.php\/wp-json\/wp\/v2\/types\/page"}],"author":[{"embeddable":true,"href":"https:\/\/lions.olsztyn.pl\/index.php\/wp-json\/wp\/v2\/users\/1"}],"replies":[{"embeddable":true,"href":"https:\/\/lions.olsztyn.pl\/index.php\/wp-json\/wp\/v2\/comments?post=15"}],"version-history":[{"count":5,"href":"https:\/\/lions.olsztyn.pl\/index.php\/wp-json\/wp\/v2\/pages\/15\/revisions"}],"predecessor-version":[{"id":347,"href":"https:\/\/lions.olsztyn.pl\/index.php\/wp-json\/wp\/v2\/pages\/15\/revisions\/347"}],"wp:attachment":[{"href":"https:\/\/lions.olsztyn.pl\/index.php\/wp-json\/wp\/v2\/media?parent=15"}],"curies":[{"name":"wp","href":"https:\/\/api.w.org\/{rel}","templated":true}]}}