{"id":149,"date":"2026-03-08T20:09:03","date_gmt":"2026-03-08T19:09:03","guid":{"rendered":"https:\/\/lions.olsztyn.pl\/?page_id=149"},"modified":"2026-03-08T22:10:22","modified_gmt":"2026-03-08T21:10:22","slug":"wspomnienia","status":"publish","type":"page","link":"https:\/\/lions.olsztyn.pl\/index.php\/wspomnienia\/","title":{"rendered":"Wspomnienia"},"content":{"rendered":"\n<div class=\"wp-block-media-text is-stacked-on-mobile\"><figure class=\"wp-block-media-text__media\"><img loading=\"lazy\" decoding=\"async\" width=\"425\" height=\"450\" src=\"https:\/\/lions.olsztyn.pl\/wp-content\/uploads\/2026\/03\/Surazynski.jpg\" alt=\"\" class=\"wp-image-150 size-full\" srcset=\"https:\/\/lions.olsztyn.pl\/wp-content\/uploads\/2026\/03\/Surazynski.jpg 425w, https:\/\/lions.olsztyn.pl\/wp-content\/uploads\/2026\/03\/Surazynski-283x300.jpg 283w\" sizes=\"auto, (max-width: 425px) 100vw, 425px\" \/><\/figure><div class=\"wp-block-media-text__content\">\n<p>Z przykro\u015bci\u0105 informujemy , \u017ce dnia 23.09.2025 r. zmar\u0142 nasz Kolega dr Aleksander Sura\u017cy\u0144ski . Cz\u0142onek za\u0142o\u017cyciel i aktywny uczestnik Lions Club Olsztyn od 1992 roku.<\/p>\n\n\n\n<p>Cz\u0142onek Rady Naukowej Instytutu Innowacji Przemys\u0142u Mleczarskiego , ekspert w Organizacji Narod\u00f3w Zjednoczonych do spraw Wy\u017cywienia i Rolnictwa i Komitet\u00f3w Sta\u0142ych Mi\u0119dzynarodowej Federacji Mleczarskiej. W 2022 roku otrzyma\u0142 presti\u017cow\u0105 nagrod\u0119 IDF AWARD 2022.<\/p>\n\n\n\n<p>Rodzinie i Bliskim sk\u0142adamy wyrazy wsp\u00f3\u0142czucia.<\/p>\n<\/div><\/div>\n\n\n\n<div class=\"wp-block-media-text is-stacked-on-mobile\"><figure class=\"wp-block-media-text__media\"><img loading=\"lazy\" decoding=\"async\" width=\"579\" height=\"568\" src=\"https:\/\/lions.olsztyn.pl\/wp-content\/uploads\/2026\/03\/Zrzut-ekranu-2025-11-19-165730.png\" alt=\"\" class=\"wp-image-151 size-full\" srcset=\"https:\/\/lions.olsztyn.pl\/wp-content\/uploads\/2026\/03\/Zrzut-ekranu-2025-11-19-165730.png 579w, https:\/\/lions.olsztyn.pl\/wp-content\/uploads\/2026\/03\/Zrzut-ekranu-2025-11-19-165730-300x294.png 300w\" sizes=\"auto, (max-width: 579px) 100vw, 579px\" \/><\/figure><div class=\"wp-block-media-text__content\">\n<p><\/p>\n<\/div><\/div>\n\n\n\n<figure class=\"wp-block-gallery has-nested-images columns-default is-cropped wp-block-gallery-1 is-layout-flex wp-block-gallery-is-layout-flex\">\n<figure class=\"wp-block-image size-large\"><img loading=\"lazy\" decoding=\"async\" width=\"768\" height=\"1024\" data-id=\"246\" src=\"https:\/\/lions.olsztyn.pl\/wp-content\/uploads\/2026\/03\/Zdjecie-WhatsApp-2025-10-30-o-09.19.43_722d0c8c-768x1024.jpg\" alt=\"\" class=\"wp-image-246\" srcset=\"https:\/\/lions.olsztyn.pl\/wp-content\/uploads\/2026\/03\/Zdjecie-WhatsApp-2025-10-30-o-09.19.43_722d0c8c-768x1024.jpg 768w, https:\/\/lions.olsztyn.pl\/wp-content\/uploads\/2026\/03\/Zdjecie-WhatsApp-2025-10-30-o-09.19.43_722d0c8c-225x300.jpg 225w, https:\/\/lions.olsztyn.pl\/wp-content\/uploads\/2026\/03\/Zdjecie-WhatsApp-2025-10-30-o-09.19.43_722d0c8c-1152x1536.jpg 1152w, https:\/\/lions.olsztyn.pl\/wp-content\/uploads\/2026\/03\/Zdjecie-WhatsApp-2025-10-30-o-09.19.43_722d0c8c.jpg 1500w\" sizes=\"auto, (max-width: 768px) 100vw, 768px\" \/><\/figure>\n\n\n\n<figure class=\"wp-block-image size-large\"><img loading=\"lazy\" decoding=\"async\" width=\"768\" height=\"1024\" data-id=\"247\" src=\"https:\/\/lions.olsztyn.pl\/wp-content\/uploads\/2026\/03\/Zdjecie-WhatsApp-2025-10-30-o-09.19.43_7694324a-768x1024.jpg\" alt=\"\" class=\"wp-image-247\" srcset=\"https:\/\/lions.olsztyn.pl\/wp-content\/uploads\/2026\/03\/Zdjecie-WhatsApp-2025-10-30-o-09.19.43_7694324a-768x1024.jpg 768w, https:\/\/lions.olsztyn.pl\/wp-content\/uploads\/2026\/03\/Zdjecie-WhatsApp-2025-10-30-o-09.19.43_7694324a-225x300.jpg 225w, https:\/\/lions.olsztyn.pl\/wp-content\/uploads\/2026\/03\/Zdjecie-WhatsApp-2025-10-30-o-09.19.43_7694324a-1152x1536.jpg 1152w, https:\/\/lions.olsztyn.pl\/wp-content\/uploads\/2026\/03\/Zdjecie-WhatsApp-2025-10-30-o-09.19.43_7694324a.jpg 1500w\" sizes=\"auto, (max-width: 768px) 100vw, 768px\" \/><\/figure>\n\n\n\n<figure class=\"wp-block-image size-large\"><img loading=\"lazy\" decoding=\"async\" width=\"768\" height=\"1024\" data-id=\"248\" src=\"https:\/\/lions.olsztyn.pl\/wp-content\/uploads\/2026\/03\/Zdjecie-WhatsApp-2025-10-30-o-09.19.43_c00ac6f9-768x1024.jpg\" alt=\"\" class=\"wp-image-248\" srcset=\"https:\/\/lions.olsztyn.pl\/wp-content\/uploads\/2026\/03\/Zdjecie-WhatsApp-2025-10-30-o-09.19.43_c00ac6f9-768x1024.jpg 768w, https:\/\/lions.olsztyn.pl\/wp-content\/uploads\/2026\/03\/Zdjecie-WhatsApp-2025-10-30-o-09.19.43_c00ac6f9-225x300.jpg 225w, https:\/\/lions.olsztyn.pl\/wp-content\/uploads\/2026\/03\/Zdjecie-WhatsApp-2025-10-30-o-09.19.43_c00ac6f9-1152x1536.jpg 1152w, https:\/\/lions.olsztyn.pl\/wp-content\/uploads\/2026\/03\/Zdjecie-WhatsApp-2025-10-30-o-09.19.43_c00ac6f9.jpg 1500w\" sizes=\"auto, (max-width: 768px) 100vw, 768px\" \/><\/figure>\n\n\n\n<figure class=\"wp-block-image size-large\"><img loading=\"lazy\" decoding=\"async\" width=\"768\" height=\"1024\" data-id=\"249\" src=\"https:\/\/lions.olsztyn.pl\/wp-content\/uploads\/2026\/03\/Zdjecie-WhatsApp-2025-10-30-o-09.19.43_f35ba71c-768x1024.jpg\" alt=\"\" class=\"wp-image-249\" srcset=\"https:\/\/lions.olsztyn.pl\/wp-content\/uploads\/2026\/03\/Zdjecie-WhatsApp-2025-10-30-o-09.19.43_f35ba71c-768x1024.jpg 768w, https:\/\/lions.olsztyn.pl\/wp-content\/uploads\/2026\/03\/Zdjecie-WhatsApp-2025-10-30-o-09.19.43_f35ba71c-225x300.jpg 225w, https:\/\/lions.olsztyn.pl\/wp-content\/uploads\/2026\/03\/Zdjecie-WhatsApp-2025-10-30-o-09.19.43_f35ba71c-1152x1536.jpg 1152w, https:\/\/lions.olsztyn.pl\/wp-content\/uploads\/2026\/03\/Zdjecie-WhatsApp-2025-10-30-o-09.19.43_f35ba71c.jpg 1500w\" sizes=\"auto, (max-width: 768px) 100vw, 768px\" \/><\/figure>\n\n\n\n<figure class=\"wp-block-image size-large\"><img loading=\"lazy\" decoding=\"async\" width=\"768\" height=\"1024\" data-id=\"250\" src=\"https:\/\/lions.olsztyn.pl\/wp-content\/uploads\/2026\/03\/Zdjecie-WhatsApp-2025-10-30-o-09.19.43_8b199a4a-768x1024.jpg\" alt=\"\" class=\"wp-image-250\" srcset=\"https:\/\/lions.olsztyn.pl\/wp-content\/uploads\/2026\/03\/Zdjecie-WhatsApp-2025-10-30-o-09.19.43_8b199a4a-768x1024.jpg 768w, https:\/\/lions.olsztyn.pl\/wp-content\/uploads\/2026\/03\/Zdjecie-WhatsApp-2025-10-30-o-09.19.43_8b199a4a-225x300.jpg 225w, https:\/\/lions.olsztyn.pl\/wp-content\/uploads\/2026\/03\/Zdjecie-WhatsApp-2025-10-30-o-09.19.43_8b199a4a-1152x1536.jpg 1152w, https:\/\/lions.olsztyn.pl\/wp-content\/uploads\/2026\/03\/Zdjecie-WhatsApp-2025-10-30-o-09.19.43_8b199a4a.jpg 1500w\" sizes=\"auto, (max-width: 768px) 100vw, 768px\" \/><\/figure>\n<\/figure>\n","protected":false},"excerpt":{"rendered":"<p>Z przykro\u015bci\u0105 informujemy , \u017ce dnia 23.09.2025 r. zmar\u0142 nasz Kolega dr Aleksander Sura\u017cy\u0144ski . Cz\u0142onek za\u0142o\u017cyciel i aktywny uczestnik Lions Club Olsztyn od 1992 roku. Cz\u0142onek Rady Naukowej Instytutu Innowacji Przemys\u0142u Mleczarskiego , ekspert w Organizacji Narod\u00f3w Zjednoczonych do spraw Wy\u017cywienia i Rolnictwa i Komitet\u00f3w Sta\u0142ych Mi\u0119dzynarodowej Federacji Mleczarskiej. W 2022 roku otrzyma\u0142 presti\u017cow\u0105 [&hellip;]<\/p>\n","protected":false},"author":1,"featured_media":0,"parent":0,"menu_order":0,"comment_status":"closed","ping_status":"closed","template":"","meta":{"footnotes":""},"class_list":["post-149","page","type-page","status-publish","hentry"],"_links":{"self":[{"href":"https:\/\/lions.olsztyn.pl\/index.php\/wp-json\/wp\/v2\/pages\/149","targetHints":{"allow":["GET"]}}],"collection":[{"href":"https:\/\/lions.olsztyn.pl\/index.php\/wp-json\/wp\/v2\/pages"}],"about":[{"href":"https:\/\/lions.olsztyn.pl\/index.php\/wp-json\/wp\/v2\/types\/page"}],"author":[{"embeddable":true,"href":"https:\/\/lions.olsztyn.pl\/index.php\/wp-json\/wp\/v2\/users\/1"}],"replies":[{"embeddable":true,"href":"https:\/\/lions.olsztyn.pl\/index.php\/wp-json\/wp\/v2\/comments?post=149"}],"version-history":[{"count":4,"href":"https:\/\/lions.olsztyn.pl\/index.php\/wp-json\/wp\/v2\/pages\/149\/revisions"}],"predecessor-version":[{"id":251,"href":"https:\/\/lions.olsztyn.pl\/index.php\/wp-json\/wp\/v2\/pages\/149\/revisions\/251"}],"wp:attachment":[{"href":"https:\/\/lions.olsztyn.pl\/index.php\/wp-json\/wp\/v2\/media?parent=149"}],"curies":[{"name":"wp","href":"https:\/\/api.w.org\/{rel}","templated":true}]}}